{"id":108,"date":"2026-01-03T21:00:10","date_gmt":"2026-01-03T21:00:10","guid":{"rendered":"https:\/\/en-action-deville.fr\/?page_id=108"},"modified":"2026-01-26T15:43:52","modified_gmt":"2026-01-26T15:43:52","slug":"procuration","status":"publish","type":"page","link":"https:\/\/en-action-deville.fr\/index.php\/procuration\/","title":{"rendered":""},"content":{"rendered":"\n<h3 class=\"wp-block-heading has-text-align-center\" style=\"text-transform:none\">&nbsp;V\u00e9rifiez votre inscription sur les listes \u00e9lectorales<\/h3>\n\n\n\n<div class=\"wp-block-columns is-layout-flex wp-container-core-columns-is-layout-28f84493 wp-block-columns-is-layout-flex\">\n<div class=\"wp-block-column is-layout-flow wp-block-column-is-layout-flow\" style=\"flex-basis:66.66%\">\n<p>Avant de faire ou de donner procuration, assurez-vous d\u2019\u00eatre bien inscrit(e) sur les listes \u00e9lectorales. Cela vous permettra de confirmer votre commune d\u2019inscription et d\u2019\u00e9viter toute mauvaise surprise le jour du vote. Vous pouvez v\u00e9rifier votre situation en quelques secondes sur le site officiel :<\/p>\n<\/div>\n\n\n\n<div class=\"wp-block-column is-layout-flow wp-block-column-is-layout-flow\" style=\"flex-basis:33.33%\">\n<div class=\"wp-block-buttons is-content-justification-center is-layout-flex wp-container-core-buttons-is-layout-a89b3969 wp-block-buttons-is-layout-flex\">\n<div class=\"wp-block-button\"><a class=\"wp-block-button__link has-luminous-vivid-orange-background-color has-background wp-element-button\" href=\"https:\/\/www.elections.interieur.gouv.fr\/mes-demarches\/je-verifie-ma-situation-electorale\"><strong>V\u00e9rifier ma situation<\/strong><\/a><\/div>\n<\/div>\n<\/div>\n<\/div>\n\n\n\n<h4 class=\"wp-block-heading has-text-align-center\" style=\"text-transform:none\">&nbsp;Faire ou proposer une procuration<\/h4>\n\n\n\n<p>Vous ne pourrez pas \u00eatre pr\u00e9sent(e) le jour du vote ? Pas de souci : vous pouvez&nbsp;<strong>donner procuration<\/strong>&nbsp;\u00e0 une personne de confiance qui votera \u00e0 votre place. De m\u00eame, si vous \u00eates disponible et souhaitez aider, vous pouvez&nbsp;<strong>vous proposer pour voter pour quelqu\u2019un<\/strong>.&nbsp;<strong>Deux possibilit\u00e9s s\u2019offrent \u00e0 vous ci-dessous :<\/strong><\/p>\n\n\n\n<ul class=\"wp-block-list\">\n<li><strong>Je demande \u00e0 faire une procuration<\/strong>&nbsp;: vous indiquez que vous souhaitez qu\u2019une autre personne vote pour vous.<\/li>\n\n\n\n<li><strong>Je me propose pour voter pour quelqu\u2019un<\/strong>&nbsp;: vous vous rendez disponible pour repr\u00e9senter un \u00e9lecteur le jour du scrutin.<\/li>\n<\/ul>\n\n\n\n<p>Ces d\u00e9marches sont simples, s\u00e9curis\u00e9es et permettent \u00e0 chacun de&nbsp;<strong>faire entendre sa voix<\/strong>&nbsp;lors des \u00e9lections.<\/p>\n\n\n\n<div class=\"wp-block-columns is-layout-flex wp-container-core-columns-is-layout-28f84493 wp-block-columns-is-layout-flex\">\n<div class=\"wp-block-column is-layout-flow wp-block-column-is-layout-flow\">\n<h4 class=\"wp-block-heading has-text-align-center\" style=\"text-transform:none\">Vous cherchez un mandataire ?<\/h4>\n\n\n\n<p>Vous ne connaissez personne pour voter \u00e0 votre place dans votre bureau de vote ? Aucun souci : nous pouvons vous mettre en relation avec un \u00e9lecteur de votre bureau de vote (ou tr\u00e8s proche) disponible et volontaire pour voter en votre nom. Vous pouvez ainsi exercer votre droit de vote m\u00eame en cas d\u2019emp\u00eachement.<\/p>\n\n\n\n<h4 class=\"wp-block-heading has-text-align-center\" style=\"text-transform:none\">Comment \u00e7a marche ?<\/h4>\n\n\n<div id=\"accordions-156\" class=\"accordions-156 accordions\" data-accordions={&quot;lazyLoad&quot;:true,&quot;id&quot;:&quot;156&quot;,&quot;event&quot;:&quot;click&quot;,&quot;collapsible&quot;:&quot;true&quot;,&quot;heightStyle&quot;:&quot;content&quot;,&quot;animateStyle&quot;:&quot;swing&quot;,&quot;animateDelay&quot;:1000,&quot;navigation&quot;:true,&quot;active&quot;:999,&quot;expandedOther&quot;:&quot;no&quot;}>\r\n                <div id=\"accordions-lazy-156\" class=\"accordions-lazy\" accordionsId=\"156\">\r\n                    <\/div>\r\n\r\n    <div class=\"items\"  style=\"display:none\" >\r\n    \r\n            <div post_id=\"156\" itemcount=\"0\"  header_id=\"header-17689212690\" id=\"header-17689212690\" style=\"\" class=\"accordions-head head17689212690 border-none\" toggle-text=\"\" main-text=\"1. Inscription sur notre site\">\r\n                                    <span id=\"accordion-icons-17689212690\" class=\"accordion-icons\">\r\n                        <span class=\"accordion-icon-active accordion-plus\"><i class=\"fas fa-chevron-up\"><\/i><\/span>\r\n                        <span class=\"accordion-icon-inactive accordion-minus\"><i class=\"fas fa-chevron-right\"><\/i><\/span>\r\n                    <\/span>\r\n                    <span id=\"header-text-17689212690\" class=\"accordions-head-title\">1. Inscription sur notre site<\/span>\r\n                            <\/div>\r\n            <div class=\"accordion-content content17689212690 \">\r\n                <p>Vous remplissez un formulaire avec les informations n\u00e9cessaires afin que nous puissions vous trouver un mandataire dans votre bureau de vote ou \u00e0 proximit\u00e9.<\/p>\n            <\/div>\r\n    \r\n            <div post_id=\"156\" itemcount=\"1\"  header_id=\"header-17689212691\" id=\"header-17689212691\" style=\"\" class=\"accordions-head head17689212691 border-none\" toggle-text=\"\" main-text=\"2. Mise en relation\">\r\n                                    <span id=\"accordion-icons-17689212691\" class=\"accordion-icons\">\r\n                        <span class=\"accordion-icon-active accordion-plus\"><i class=\"fas fa-chevron-up\"><\/i><\/span>\r\n                        <span class=\"accordion-icon-inactive accordion-minus\"><i class=\"fas fa-chevron-right\"><\/i><\/span>\r\n                    <\/span>\r\n                    <span id=\"header-text-17689212691\" class=\"accordions-head-title\">2. Mise en relation<\/span>\r\n                            <\/div>\r\n            <div class=\"accordion-content content17689212691 \">\r\n                <p>D\u00e8s qu\u2019un mandataire potentiel est disponible pr\u00e8s de votre bureau de vote, nous vous mettons en contact avec une personne pouvant voter \u00e0 votre place.<\/p>\n            <\/div>\r\n    \r\n            <div post_id=\"156\" itemcount=\"2\"  header_id=\"header-17689212692\" id=\"header-17689212692\" style=\"\" class=\"accordions-head head17689212692 border-none\" toggle-text=\"\" main-text=\"3. \u00c9change d\u2019informations\">\r\n                                    <span id=\"accordion-icons-17689212692\" class=\"accordion-icons\">\r\n                        <span class=\"accordion-icon-active accordion-plus\"><i class=\"fas fa-chevron-up\"><\/i><\/span>\r\n                        <span class=\"accordion-icon-inactive accordion-minus\"><i class=\"fas fa-chevron-right\"><\/i><\/span>\r\n                    <\/span>\r\n                    <span id=\"header-text-17689212692\" class=\"accordions-head-title\">3. \u00c9change d\u2019informations<\/span>\r\n                            <\/div>\r\n            <div class=\"accordion-content content17689212692 \">\r\n                <p>Vous et le mandataire recevez chacun un email contenant les coordonn\u00e9es de l\u2019autre. Vous pouvez ainsi \u00e9changer directement pour organiser la procuration.<\/p>\n            <\/div>\r\n    \r\n            <div post_id=\"156\" itemcount=\"3\"  header_id=\"header-17689212693\" id=\"header-17689212693\" style=\"\" class=\"accordions-head head17689212693 border-none\" toggle-text=\"\" main-text=\"4. Confirmation de la procuration\">\r\n                                    <span id=\"accordion-icons-17689212693\" class=\"accordion-icons\">\r\n                        <span class=\"accordion-icon-active accordion-plus\"><i class=\"fas fa-chevron-up\"><\/i><\/span>\r\n                        <span class=\"accordion-icon-inactive accordion-minus\"><i class=\"fas fa-chevron-right\"><\/i><\/span>\r\n                    <\/span>\r\n                    <span id=\"header-text-17689212693\" class=\"accordions-head-title\">4. Confirmation de la procuration<\/span>\r\n                            <\/div>\r\n            <div class=\"accordion-content content17689212693 \">\r\n                <p>Apr\u00e8s votre prise de contact, vous confirmez ensemble la procuration et effectuez les d\u00e9marches n\u00e9cessaires, en ligne ou au commissariat.<\/p>\n            <\/div>\r\n    \r\n            <div post_id=\"156\" itemcount=\"4\"  header_id=\"header-17689212694\" id=\"header-17689212694\" style=\"\" class=\"accordions-head head17689212694 border-none\" toggle-text=\"\" main-text=\"5. Le jour du vote\">\r\n                                    <span id=\"accordion-icons-17689212694\" class=\"accordion-icons\">\r\n                        <span class=\"accordion-icon-active accordion-plus\"><i class=\"fas fa-chevron-up\"><\/i><\/span>\r\n                        <span class=\"accordion-icon-inactive accordion-minus\"><i class=\"fas fa-chevron-right\"><\/i><\/span>\r\n                    <\/span>\r\n                    <span id=\"header-text-17689212694\" class=\"accordions-head-title\">5. Le jour du vote<\/span>\r\n                            <\/div>\r\n            <div class=\"accordion-content content17689212694 \">\r\n                <p>Le mandataire se rendra \u00e0 votre bureau de vote et votera en votre nom. Il n\u2019aura besoin que de sa propre pi\u00e8ce d\u2019identit\u00e9 : aucun document suppl\u00e9mentaire de votre part ne sera demand\u00e9.<\/p>\n            <\/div>\r\n    <\/div>\r\n\r\n\r\n\r\n            <\/div>\n\n\n\n<div class=\"wp-block-buttons is-content-justification-center is-layout-flex wp-container-core-buttons-is-layout-a89b3969 wp-block-buttons-is-layout-flex\">\n<div class=\"wp-block-button\"><a class=\"wp-block-button__link has-luminous-vivid-orange-background-color has-background wp-element-button\" href=\"https:\/\/docs.google.com\/forms\/d\/e\/1FAIpQLSe8I45yYE_FY7bGpt08EYjCiP3Y64ecrR-ITYG2mZkNavmpJQ\/viewform?usp=publish-editor\" style=\"text-transform:none\"><strong>Je demande \u00e0 faire une procuration<\/strong><\/a><\/div>\n<\/div>\n<\/div>\n\n\n\n<div class=\"wp-block-column is-layout-flow wp-block-column-is-layout-flow\">\n<h4 class=\"wp-block-heading has-text-align-center\" style=\"text-transform:none\">Vous \u00eates disponible ?<\/h4>\n\n\n\n<p>Si vous votez en personne, vous pouvez aussi aider un autre \u00e9lecteur qui ne peut pas se d\u00e9placer. En vous inscrivant comme mandataire, nous vous mettrons en relation avec une personne de votre bureau de vote \u2014 ou tr\u00e8s proche \u2014 pour laquelle vous pourrez voter par procuration, en toute conformit\u00e9 avec la loi.<\/p>\n\n\n\n<h4 class=\"wp-block-heading has-text-align-center\" style=\"text-transform:none\">Comment \u00e7a marche ?<\/h4>\n\n\n<div id=\"accordions-160\" class=\"accordions-160 accordions\" data-accordions={&quot;lazyLoad&quot;:true,&quot;id&quot;:&quot;160&quot;,&quot;event&quot;:&quot;click&quot;,&quot;collapsible&quot;:&quot;true&quot;,&quot;heightStyle&quot;:&quot;content&quot;,&quot;animateStyle&quot;:&quot;swing&quot;,&quot;animateDelay&quot;:1000,&quot;navigation&quot;:true,&quot;active&quot;:999,&quot;expandedOther&quot;:&quot;no&quot;}>\r\n                <div id=\"accordions-lazy-160\" class=\"accordions-lazy\" accordionsId=\"160\">\r\n                    <\/div>\r\n\r\n    <div class=\"items\"  style=\"display:none\" >\r\n    \r\n            <div post_id=\"160\" itemcount=\"0\"  header_id=\"header-1768920865215\" id=\"header-1768920865215\" style=\"\" class=\"accordions-head head1768920865215 border-none\" toggle-text=\"\" main-text=\"1. Inscription sur notre site\">\r\n                                    <span id=\"accordion-icons-1768920865215\" class=\"accordion-icons\">\r\n                        <span class=\"accordion-icon-active accordion-plus\"><i class=\"fas fa-chevron-up\"><\/i><\/span>\r\n                        <span class=\"accordion-icon-inactive accordion-minus\"><i class=\"fas fa-chevron-right\"><\/i><\/span>\r\n                    <\/span>\r\n                    <span id=\"header-text-1768920865215\" class=\"accordions-head-title\">1. Inscription sur notre site<\/span>\r\n                            <\/div>\r\n            <div class=\"accordion-content content1768920865215 \">\r\n                <p>Vous remplissez un formulaire avec les informations n\u00e9cessaires afin que nous puissions vous trouver un mandataire dans votre bureau de vote ou \u00e0 proximit\u00e9.<\/p>\n            <\/div>\r\n    \r\n            <div post_id=\"160\" itemcount=\"1\"  header_id=\"header-1768920925307\" id=\"header-1768920925307\" style=\"\" class=\"accordions-head head1768920925307 border-none\" toggle-text=\"\" main-text=\"2. Mise en relation\">\r\n                                    <span id=\"accordion-icons-1768920925307\" class=\"accordion-icons\">\r\n                        <span class=\"accordion-icon-active accordion-plus\"><i class=\"fas fa-chevron-up\"><\/i><\/span>\r\n                        <span class=\"accordion-icon-inactive accordion-minus\"><i class=\"fas fa-chevron-right\"><\/i><\/span>\r\n                    <\/span>\r\n                    <span id=\"header-text-1768920925307\" class=\"accordions-head-title\">2. Mise en relation<\/span>\r\n                            <\/div>\r\n            <div class=\"accordion-content content1768920925307 \">\r\n                <p>D\u00e8s qu\u2019une demande de procuration correspondante appara\u00eet pr\u00e8s de votre bureau de vote, nous vous mettons en contact avec une personne recherchant quelqu\u2019un pour voter \u00e0 sa place.<\/p>\n            <\/div>\r\n    \r\n            <div post_id=\"160\" itemcount=\"2\"  header_id=\"header-1768921004760\" id=\"header-1768921004760\" style=\"\" class=\"accordions-head head1768921004760 border-none\" toggle-text=\"\" main-text=\"3. \u00c9change d\u2019informations\">\r\n                                    <span id=\"accordion-icons-1768921004760\" class=\"accordion-icons\">\r\n                        <span class=\"accordion-icon-active accordion-plus\"><i class=\"fas fa-chevron-up\"><\/i><\/span>\r\n                        <span class=\"accordion-icon-inactive accordion-minus\"><i class=\"fas fa-chevron-right\"><\/i><\/span>\r\n                    <\/span>\r\n                    <span id=\"header-text-1768921004760\" class=\"accordions-head-title\">3. \u00c9change d\u2019informations<\/span>\r\n                            <\/div>\r\n            <div class=\"accordion-content content1768921004760 \">\r\n                <p>Vous et le mandant recevez chacun un email contenant les coordonn\u00e9es de l\u2019autre, afin de pouvoir \u00e9changer directement et organiser la procuration.<\/p>\n            <\/div>\r\n    \r\n            <div post_id=\"160\" itemcount=\"3\"  header_id=\"header-1768921025531\" id=\"header-1768921025531\" style=\"\" class=\"accordions-head head1768921025531 border-none\" toggle-text=\"\" main-text=\"4. Confirmation de la procuration\">\r\n                                    <span id=\"accordion-icons-1768921025531\" class=\"accordion-icons\">\r\n                        <span class=\"accordion-icon-active accordion-plus\"><i class=\"fas fa-chevron-up\"><\/i><\/span>\r\n                        <span class=\"accordion-icon-inactive accordion-minus\"><i class=\"fas fa-chevron-right\"><\/i><\/span>\r\n                    <\/span>\r\n                    <span id=\"header-text-1768921025531\" class=\"accordions-head-title\">4. Confirmation de la procuration<\/span>\r\n                            <\/div>\r\n            <div class=\"accordion-content content1768921025531 \">\r\n                <p>Apr\u00e8s cette prise de contact, vous validez ensemble la procuration. Le mandant r\u00e9alise ensuite les d\u00e9marches n\u00e9cessaires, soit en ligne, soit au commissariat.<\/p>\n            <\/div>\r\n    \r\n            <div post_id=\"160\" itemcount=\"4\"  header_id=\"header-1768921037987\" id=\"header-1768921037987\" style=\"\" class=\"accordions-head head1768921037987 border-none\" toggle-text=\"\" main-text=\"5. Le jour du vote\">\r\n                                    <span id=\"accordion-icons-1768921037987\" class=\"accordion-icons\">\r\n                        <span class=\"accordion-icon-active accordion-plus\"><i class=\"fas fa-chevron-up\"><\/i><\/span>\r\n                        <span class=\"accordion-icon-inactive accordion-minus\"><i class=\"fas fa-chevron-right\"><\/i><\/span>\r\n                    <\/span>\r\n                    <span id=\"header-text-1768921037987\" class=\"accordions-head-title\">5. Le jour du vote<\/span>\r\n                            <\/div>\r\n            <div class=\"accordion-content content1768921037987 \">\r\n                <p>Le jour de l\u2019\u00e9lection, vous voterez en son nom dans son bureau de vote, muni simplement de votre pi\u00e8ce d\u2019identit\u00e9. Aucun document suppl\u00e9mentaire de sa part ne vous sera demand\u00e9.<\/p>\n            <\/div>\r\n    <\/div>\r\n\r\n\r\n\r\n            <\/div>\n\n\n\n<div class=\"wp-block-buttons is-content-justification-center is-layout-flex wp-container-core-buttons-is-layout-a89b3969 wp-block-buttons-is-layout-flex\">\n<div class=\"wp-block-button\"><a class=\"wp-block-button__link has-luminous-vivid-orange-background-color has-background wp-element-button\" href=\"https:\/\/docs.google.com\/forms\/d\/e\/1FAIpQLSfZ9q2zyem2ipPgCoRQ6nRXtp6C4w70v6KB3AMxP773MXDkXQ\/viewform?usp=publish-editor\" style=\"text-transform:none\"><strong>Je me propose pour voter pour quelqu&rsquo;un<\/strong><\/a><\/div>\n<\/div>\n<\/div>\n<\/div>\n\n\n\n<p><\/p>\n","protected":false},"excerpt":{"rendered":"<p>&nbsp;V\u00e9rifiez votre inscription sur les listes \u00e9lectorales Avant de faire ou de donner procuration, assurez-vous d\u2019\u00eatre bien inscrit(e) sur les listes \u00e9lectorales. Cela vous permettra de confirmer votre commune d\u2019inscription et d\u2019\u00e9viter toute mauvaise surprise le jour du vote. Vous pouvez v\u00e9rifier votre situation en quelques secondes sur le site officiel : &nbsp;Faire ou proposer [&hellip;]<\/p>\n","protected":false},"author":1,"featured_media":0,"parent":0,"menu_order":0,"comment_status":"closed","ping_status":"closed","template":"","meta":{"footnotes":""},"class_list":["post-108","page","type-page","status-publish","hentry"],"jetpack_sharing_enabled":true,"_links":{"self":[{"href":"https:\/\/en-action-deville.fr\/index.php\/wp-json\/wp\/v2\/pages\/108","targetHints":{"allow":["GET"]}}],"collection":[{"href":"https:\/\/en-action-deville.fr\/index.php\/wp-json\/wp\/v2\/pages"}],"about":[{"href":"https:\/\/en-action-deville.fr\/index.php\/wp-json\/wp\/v2\/types\/page"}],"author":[{"embeddable":true,"href":"https:\/\/en-action-deville.fr\/index.php\/wp-json\/wp\/v2\/users\/1"}],"replies":[{"embeddable":true,"href":"https:\/\/en-action-deville.fr\/index.php\/wp-json\/wp\/v2\/comments?post=108"}],"version-history":[{"count":22,"href":"https:\/\/en-action-deville.fr\/index.php\/wp-json\/wp\/v2\/pages\/108\/revisions"}],"predecessor-version":[{"id":174,"href":"https:\/\/en-action-deville.fr\/index.php\/wp-json\/wp\/v2\/pages\/108\/revisions\/174"}],"wp:attachment":[{"href":"https:\/\/en-action-deville.fr\/index.php\/wp-json\/wp\/v2\/media?parent=108"}],"curies":[{"name":"wp","href":"https:\/\/api.w.org\/{rel}","templated":true}]}}