{"id":117,"date":"2026-01-16T15:40:41","date_gmt":"2026-01-16T15:40:41","guid":{"rendered":"https:\/\/en-action-deville.fr\/?page_id=117"},"modified":"2026-01-16T15:40:41","modified_gmt":"2026-01-16T15:40:41","slug":"mentions-legales","status":"publish","type":"page","link":"https:\/\/en-action-deville.fr\/index.php\/mentions-legales\/","title":{"rendered":"Mentions l\u00e9gales"},"content":{"rendered":"\n<h2 class=\"wp-block-heading\">1. \u00c9diteur du site<\/h2>\n\n\n\n<p style=\"text-transform:none\">Le pr\u00e9sent site internet en-action-deville.fr\u00a0est \u00e9dit\u00e9 dans le cadre de la campagne municipale\u00a0<em>\u00ab Mirella DELOIGNON votre maire en Action pour D\u00e9ville \u00bb<\/em>.<\/p>\n\n\n\n<p style=\"text-transform:none\">\u00c9diteur : <strong>Mirella Deloignon<\/strong> \u00a0<br>Si\u00e8ge social : 48 rue Ren\u00e9 Coty, 76250 D\u00e9ville l\u00e8s Rouen<br>Repr\u00e9sent\u00e9e par :\u00a0<strong>Mirella Deloignon \u00a0<\/strong><\/p>\n\n\n\n<h2 class=\"wp-block-heading\">2. Directeur de publication<\/h2>\n\n\n\n<p>Le directeur de publication est\u00a0<strong><strong>Mirella Deloignon<\/strong><\/strong>, en sa qualit\u00e9 de candidate t\u00eate de liste.<\/p>\n\n\n\n<h2 class=\"wp-block-heading\">3. Responsable de la r\u00e9daction<\/h2>\n\n\n\n<p style=\"text-transform:none\">L\u2019\u00e9quipe de campagne de\u00a0<em>Mirella DELOIGNON votre maire en Action pour D\u00e9ville<\/em>.<\/p>\n\n\n\n<h2 class=\"wp-block-heading\">4. Mandataire financier<\/h2>\n\n\n\n<p style=\"text-transform:none\">Conform\u00e9ment aux dispositions du Code \u00e9lectoral, la gestion financi\u00e8re de la campagne est assur\u00e9e par :<br><strong> Mandataire financi\u00e8re de Mirella Deloignon<\/strong><br>Adresse : <\/p>\n\n\n\n<h2 class=\"wp-block-heading\">5. H\u00e9bergeur du site<\/h2>\n\n\n\n<p>Le site est h\u00e9berg\u00e9 par :<br><strong>OVH SAS<\/strong><br>2 rue Kellermann \u2013 59100 Roubaix \u2013 France<br>T\u00e9l. : +33 9 72 10 10 07<br>Site internet :&nbsp;<a>www.ovh.com<\/a><\/p>\n\n\n\n<h2 class=\"wp-block-heading\">6. Propri\u00e9t\u00e9 intellectuelle<\/h2>\n\n\n\n<p>L\u2019ensemble du contenu pr\u00e9sent sur ce site (textes, images, logos, vid\u00e9os, documents t\u00e9l\u00e9chargeables, etc.) est prot\u00e9g\u00e9 par le droit d\u2019auteur et la l\u00e9gislation fran\u00e7aise en vigueur.<br>Toute reproduction, diffusion ou utilisation, totale ou partielle, est interdite sans autorisation pr\u00e9alable.<\/p>\n\n\n\n<h2 class=\"wp-block-heading\">7. Protection des donn\u00e9es personnelles<\/h2>\n\n\n\n<p>Les donn\u00e9es personnelles collect\u00e9es via ce site (formulaire de contact, inscription newsletter, demandes d\u2019engagement) sont trait\u00e9es conform\u00e9ment au&nbsp;<strong>R\u00e8glement G\u00e9n\u00e9ral sur la Protection des Donn\u00e9es (RGPD)<\/strong>&nbsp;et \u00e0 la loi Informatique et Libert\u00e9s.<\/p>\n\n\n\n<h2 class=\"wp-block-heading\">8. Cookies<\/h2>\n\n\n\n<p>Le site utilise des cookies pour am\u00e9liorer la navigation et mesurer l\u2019audience.<br>Vous pouvez g\u00e9rer vos pr\u00e9f\u00e9rences \u00e0 tout moment via le bandeau de consentement affich\u00e9 lors de votre visite.<\/p>\n\n\n\n<h2 class=\"wp-block-heading\">9. Limitation de responsabilit\u00e9<\/h2>\n\n\n\n<p>L\u2019\u00e9diteur du site met tout en \u0153uvre pour assurer l\u2019exactitude et la mise \u00e0 jour des informations diffus\u00e9es. Toutefois, il ne saurait \u00eatre tenu responsable en cas d\u2019erreur ou d\u2019omission, ni en cas d\u2019indisponibilit\u00e9 temporaire du site.<\/p>\n\n\n\n<h2 class=\"wp-block-heading\">10. Contact<\/h2>\n\n\n\n<p>Pour toute question relative au site ou \u00e0 son contenu, vous pouvez \u00e9crire \u00e0 :<br><strong>action.deville@gmail.com<\/strong><\/p>\n","protected":false},"excerpt":{"rendered":"<p>1. \u00c9diteur du site Le pr\u00e9sent site internet en-action-deville.fr\u00a0est \u00e9dit\u00e9 dans le cadre de la campagne municipale\u00a0\u00ab Mirella DELOIGNON votre maire en Action pour D\u00e9ville \u00bb. \u00c9diteur : Mirella Deloignon \u00a0Si\u00e8ge social : 48 rue Ren\u00e9 Coty, 76250 D\u00e9ville l\u00e8s RouenRepr\u00e9sent\u00e9e par :\u00a0Mirella Deloignon \u00a0 2. Directeur de publication Le directeur de publication est\u00a0Mirella Deloignon, [&hellip;]<\/p>\n","protected":false},"author":1,"featured_media":0,"parent":0,"menu_order":0,"comment_status":"closed","ping_status":"closed","template":"","meta":{"footnotes":""},"class_list":["post-117","page","type-page","status-publish","hentry"],"jetpack_sharing_enabled":true,"_links":{"self":[{"href":"https:\/\/en-action-deville.fr\/index.php\/wp-json\/wp\/v2\/pages\/117","targetHints":{"allow":["GET"]}}],"collection":[{"href":"https:\/\/en-action-deville.fr\/index.php\/wp-json\/wp\/v2\/pages"}],"about":[{"href":"https:\/\/en-action-deville.fr\/index.php\/wp-json\/wp\/v2\/types\/page"}],"author":[{"embeddable":true,"href":"https:\/\/en-action-deville.fr\/index.php\/wp-json\/wp\/v2\/users\/1"}],"replies":[{"embeddable":true,"href":"https:\/\/en-action-deville.fr\/index.php\/wp-json\/wp\/v2\/comments?post=117"}],"version-history":[{"count":1,"href":"https:\/\/en-action-deville.fr\/index.php\/wp-json\/wp\/v2\/pages\/117\/revisions"}],"predecessor-version":[{"id":118,"href":"https:\/\/en-action-deville.fr\/index.php\/wp-json\/wp\/v2\/pages\/117\/revisions\/118"}],"wp:attachment":[{"href":"https:\/\/en-action-deville.fr\/index.php\/wp-json\/wp\/v2\/media?parent=117"}],"curies":[{"name":"wp","href":"https:\/\/api.w.org\/{rel}","templated":true}]}}