{"id":212,"date":"2026-02-23T18:15:16","date_gmt":"2026-02-23T18:15:16","guid":{"rendered":"https:\/\/en-action-deville.fr\/?page_id=212"},"modified":"2026-02-23T18:21:55","modified_gmt":"2026-02-23T18:21:55","slug":"notre-projet","status":"publish","type":"page","link":"https:\/\/en-action-deville.fr\/index.php\/notre-projet\/","title":{"rendered":"Notre projet"},"content":{"rendered":"\n<div class=\"wp-block-columns is-layout-flex wp-container-core-columns-is-layout-28f84493 wp-block-columns-is-layout-flex\">\n<div class=\"wp-block-column has-extra-primary-background-color has-background is-layout-flow wp-block-column-is-layout-flow\">\n<div style=\"height:13px\" aria-hidden=\"true\" class=\"wp-block-spacer\"><\/div>\n\n\n\n<h3 class=\"wp-block-heading has-text-align-center has-foreground-color has-text-color has-link-color wp-elements-82f469b9731ce2bf7ebd9a78301160a9\" style=\"text-transform:none\">Renforcer la s\u00e9curit\u00e9 <br>des biens et des personnes\u00a0<\/h3>\n\n\n\n<hr class=\"wp-block-separator has-text-color has-css-opacity has-background is-style-wide\" style=\"background-color:#000000;color:#000000\"\/>\n\n\n\n<ul class=\"wp-block-list\">\n<li class=\"has-foreground-color has-text-color has-link-color wp-elements-a705229c7bd524cf34cfbd7fb1e47a92\" style=\"text-transform:none\">Nous voulons engager un second programme d\u2019installation de vid\u00e9oprotection pour couvrir la totalit\u00e9 de la commune.<\/li>\n\n\n\n<li class=\"has-foreground-color has-text-color has-link-color wp-elements-4d9639093b7a29d5b81848e3ef313d5e\" style=\"text-transform:none\">Nous voulons accroitre la pr\u00e9sence de la Police Municipale sur le terrain, <br>en la lib\u00e9rant de nombreuses t\u00e2ches administratives.<\/li>\n\n\n\n<li class=\"has-foreground-color has-text-color has-link-color wp-elements-9434db91e8dbb80de8fb6e8b05899e06\" style=\"text-transform:none\">Une brigade verte sera mise en place pour combattre les d\u00e9p\u00f4ts sauvages.<\/li>\n<\/ul>\n<\/div>\n\n\n\n<div class=\"wp-block-column has-custom-orange-background-color has-background is-layout-flow wp-block-column-is-layout-flow\">\n<div style=\"height:13px\" aria-hidden=\"true\" class=\"wp-block-spacer\"><\/div>\n\n\n\n<h3 class=\"wp-block-heading has-text-align-center\" style=\"text-transform:none\">Reconstruire <br>notre Centre Culturel Voltaire<\/h3>\n\n\n\n<hr class=\"wp-block-separator has-text-color has-css-opacity has-background is-style-wide\" style=\"background-color:#000000;color:#000000\"\/>\n\n\n\n<p class=\"has-border-color\" style=\"border-color:#ffffff00;border-width:15px;text-transform:none\">Cet \u00e9tablissement est un atout pour notre commune mais il vieillit, il est mal isol\u00e9 et peu accessible sans ascenseur. Sa reconstruction au c\u0153ur de la ville, \u00e0 la place de l\u2019ancienne piscine, avec des \u00e9quipements sc\u00e9niques modernes, sera un atout pour l\u2019attractivit\u00e9 de la ville et pour l\u2019obtention d\u2019un label d\u2019int\u00e9r\u00eat national. Ce sera un lieu de rencontre pour toutes les g\u00e9n\u00e9rations.<\/p>\n<\/div>\n\n\n\n<div class=\"wp-block-column has-custom-vert-fonc-background-color has-background is-layout-flow wp-block-column-is-layout-flow\">\n<div style=\"height:13px\" aria-hidden=\"true\" class=\"wp-block-spacer\"><\/div>\n\n\n\n<h3 class=\"wp-block-heading has-text-align-center has-foreground-color has-text-color has-link-color wp-elements-68a65df6366d6f6d83d1bfe74662a778\" style=\"text-transform:none\">D\u00e9velopper <br>la place <br>de la nature <br>dans la ville<strong>\u00a0<\/strong><\/h3>\n\n\n\n<hr class=\"wp-block-separator has-text-color has-css-opacity has-background is-style-wide\" style=\"background-color:#000000;color:#000000\"\/>\n\n\n\n<ul class=\"wp-block-list\">\n<li class=\"has-foreground-color has-text-color has-link-color wp-elements-349e0330451189e085e160e465cfe766\" style=\"text-transform:none\">Nous souhaitons continuer l\u2019am\u00e9nagement des rives du Cailly et la pr\u00e9servation d\u2019une zone humide.<\/li>\n\n\n\n<li class=\"has-foreground-color has-text-color has-link-color wp-elements-dfbcdb76f6674b0e8a9a89abddd7f9f1\" style=\"text-transform:none\">Nous voulons travailler \u00e0 la r\u00e9ussite de la reconversion du site Vallourec avec la r\u00e9ouverture du Cailly et la pr\u00e9servation d\u2019activit\u00e9 \u00e9conomiques dans un environnement plus durable.<\/li>\n\n\n\n<li class=\"has-foreground-color has-text-color has-link-color wp-elements-74db687c8ed4dadde1b55173d7ef7a2e\" style=\"text-transform:none\">Nous sommes engag\u00e9s dans le projet des balades du Cailly avec la m\u00e9tropole permettant de poursuivre l\u2019am\u00e9nagement des berges comme nous l\u2019avons initi\u00e9 depuis plusieurs ann\u00e9es.<br><\/li>\n<\/ul>\n<\/div>\n<\/div>\n\n\n\n<div class=\"wp-block-columns is-layout-flex wp-container-core-columns-is-layout-28f84493 wp-block-columns-is-layout-flex\">\n<div class=\"wp-block-column has-luminous-vivid-orange-background-color has-background is-layout-flow wp-block-column-is-layout-flow\">\n<div style=\"height:13px\" aria-hidden=\"true\" class=\"wp-block-spacer\"><\/div>\n\n\n\n<h3 class=\"wp-block-heading has-text-align-center has-secondary-color has-text-color has-link-color wp-elements-2ea2373027cd8bd056ddf1a543489aaa\" style=\"text-transform:none\">Promouvoir<br>la sant\u00e9<\/h3>\n\n\n\n<hr class=\"wp-block-separator has-text-color has-css-opacity has-background is-style-wide\" style=\"background-color:#000000;color:#000000\"\/>\n\n\n\n<ul class=\"wp-block-list\">\n<li class=\"has-secondary-color has-text-color has-link-color wp-elements-a09c3e791a9245029d19c3d9fa606b07\" style=\"text-transform:none\">Nous avons l\u2019ambition d\u2019aider \u00e0 l\u2019installation de nouveaux professionnels de sant\u00e9.<\/li>\n\n\n\n<li class=\"has-secondary-color has-text-color has-link-color wp-elements-9e0a6b8d2c284809d42dff78e6652aa8\" style=\"text-transform:none\">Nous faciliterons l\u2019acc\u00e8s aux mutuelles au travers la cr\u00e9ation d\u2019une mutuelle communale pour une mutuelle accessible \u00e0 tous.<\/li>\n\n\n\n<li class=\"has-secondary-color has-text-color has-link-color wp-elements-859ad1fd83a944fef7e9846ba1da5127\" style=\"text-transform:none\">Nous aiderons au d\u00e9veloppement de l\u2019acc\u00e8s des soins \u00e0 domicile en partenariat avec le CHG La Filandi\u00e8re.<\/li>\n<\/ul>\n<\/div>\n\n\n\n<div class=\"wp-block-column has-custom-vert-fonc-background-color has-background is-layout-flow wp-block-column-is-layout-flow\">\n<div style=\"height:13px\" aria-hidden=\"true\" class=\"wp-block-spacer\"><\/div>\n\n\n\n<h3 class=\"wp-block-heading has-text-align-center has-foreground-color has-text-color has-link-color wp-elements-1141fc1cc0a86a4047454e8b5d2c74b0\" style=\"text-transform:none\">Reconstruire le centre de secours des pompiers<\/h3>\n\n\n\n<hr class=\"wp-block-separator has-text-color has-css-opacity has-background is-style-wide\" style=\"background-color:#000000;color:#000000\"\/>\n\n\n\n<p class=\"has-border-color has-foreground-color has-text-color has-link-color wp-elements-274e908d58b6786b5f5b46c421cfb8e8\" style=\"border-color:#ffffff00;border-width:15px;text-transform:none\">Face aux changements climatiques, les risques d\u2019incendie, les risques d\u2019inondation s\u2019accroissent\u00a0; de m\u00eame les besoins d\u2019aides \u00e0 la personne augmentent. La reconstruction d\u2019un centre de secours des pompiers est prioritaire, comme l\u2019a \u00e9t\u00e9 la cr\u00e9ation d\u2019une \u00e9cole de jeunes sapeurs-pompiers pour pr\u00e9parer l\u2019avenir.<\/p>\n<\/div>\n\n\n\n<div class=\"wp-block-column has-extra-primary-background-color has-background is-layout-flow wp-block-column-is-layout-flow\">\n<div style=\"height:13px\" aria-hidden=\"true\" class=\"wp-block-spacer\"><\/div>\n\n\n\n<h3 class=\"wp-block-heading has-text-align-center has-foreground-color has-text-color has-link-color wp-elements-27a45de5374e195dea84d524ec9b194b\" style=\"text-transform:none\">D\u00e9velopper la culture<br>pour tous\u00a0<\/h3>\n\n\n\n<hr class=\"wp-block-separator has-text-color has-css-opacity has-background is-style-wide\" style=\"background-color:#000000;color:#000000\"\/>\n\n\n\n<p class=\"has-border-color has-foreground-color has-text-color has-link-color wp-elements-595c79bc1175a090761fc8e9441c6991\" style=\"border-color:#ffffff00;border-width:15px;text-transform:none\">De nouvelles animations culturelles dans les quartiers, seront mises en place en profitant de la diversit\u00e9 de nos \u00e9quipements\u00a0: nouveau parc urbain, nouvel espace sc\u00e9nique de la maison des arts, la r\u00e9sidence d\u2019artiste dans le parc du logis et bien s\u00fbr, notre futur Centre culturel.<\/p>\n<\/div>\n<\/div>\n\n\n\n<div class=\"wp-block-columns is-layout-flex wp-container-core-columns-is-layout-28f84493 wp-block-columns-is-layout-flex\">\n<div class=\"wp-block-column has-custom-vert-fonc-background-color has-background is-layout-flow wp-block-column-is-layout-flow\">\n<div style=\"height:13px\" aria-hidden=\"true\" class=\"wp-block-spacer\"><\/div>\n\n\n\n<h3 class=\"wp-block-heading has-text-align-center has-foreground-color has-text-color has-link-color wp-elements-57d1ef32ddeda3e87f26e2010aa250fd\" style=\"text-transform:none\">Aider \u00e0<br>l\u2019\u00e9ducation<\/h3>\n\n\n\n<hr class=\"wp-block-separator has-text-color has-css-opacity has-background is-style-wide\" style=\"background-color:#000000;color:#000000\"\/>\n\n\n\n<p class=\"has-border-color has-foreground-color has-text-color has-link-color wp-elements-3ca70f5f5b9971909db577a0adb77f03\" style=\"border-color:#ffffff00;border-width:15px;text-transform:none\">L\u2019\u00e9ducation au go\u00fbt, l\u2019\u00e9ducation citoyenne,<br>l\u2019\u00e9ducation interg\u00e9n\u00e9rationnelle resteront des orientations prioritaires dans toutes les activit\u00e9s mises en place par la commune&nbsp;: restauration collective, centre de loisirs, conseil des jeunes, activit\u00e9s artistiques de la maison des arts\u2026<\/p>\n<\/div>\n\n\n\n<div class=\"wp-block-column has-extra-primary-background-color has-background is-layout-flow wp-block-column-is-layout-flow\">\n<div style=\"height:13px\" aria-hidden=\"true\" class=\"wp-block-spacer\"><\/div>\n\n\n\n<h3 class=\"wp-block-heading has-text-align-center has-foreground-color has-text-color has-link-color wp-elements-b138b13659c79620f2b62f105a7ad6db\" style=\"text-transform:none\">\u00c9pauler<br>la jeunesse<\/h3>\n\n\n\n<hr class=\"wp-block-separator has-text-color has-css-opacity has-background is-style-wide\" style=\"background-color:#000000;color:#000000\"\/>\n\n\n\n<ul class=\"wp-block-list\">\n<li class=\"has-foreground-color has-text-color has-link-color wp-elements-ca4c0bc4aeb1a1e4c2f56f808498e590\" style=\"text-transform:none\">Un \u00ab\u00a0coup de pouce\u00a0\u00bb sera apport\u00e9 pour la pratique sportive ou culturelle.<\/li>\n\n\n\n<li class=\"has-foreground-color has-text-color has-link-color wp-elements-c74652992af214e276f3456f557e9e1d\" style=\"text-transform:none\">Nous mettrons en place un conseil des ados pour mieux entendre leur souhait en compl\u00e9ment du conseil municipal des jeunes.<\/li>\n\n\n\n<li class=\"has-foreground-color has-text-color has-link-color wp-elements-b1cfcc73dfa768be967772ec50308ec9\" style=\"text-transform:none\">Nous organiserons une journ\u00e9e annuelle pour la recherche d\u2019emploi et de stages.<\/li>\n\n\n\n<li class=\"has-foreground-color has-text-color has-link-color wp-elements-cd2aefa0115aa9b3f359cffb12bce029\">Nous mettrons en place un \u00ab\u00a0contrat jeunes\u00a0\u00bb en \u00e9change d\u2019activit\u00e9s d\u2019int\u00e9r\u00eat g\u00e9n\u00e9ral une aide financi\u00e8re sera d\u00e9bloqu\u00e9e.<\/li>\n<\/ul>\n<\/div>\n\n\n\n<div class=\"wp-block-column has-custom-orange-background-color has-background is-layout-flow wp-block-column-is-layout-flow\">\n<div style=\"height:13px\" aria-hidden=\"true\" class=\"wp-block-spacer\"><\/div>\n\n\n\n<h3 class=\"wp-block-heading has-text-align-center has-secondary-color has-text-color has-link-color wp-elements-85fcb991adc99e605362504dc6863e14\" style=\"text-transform:none\">Accompagner <br>les familles dans l\u2019\u00e9ducation de leurs enfants\u00a0<\/h3>\n\n\n\n<hr class=\"wp-block-separator has-text-color has-css-opacity has-background is-style-wide\" style=\"background-color:#000000;color:#000000\"\/>\n\n\n\n<p class=\"has-border-color\" style=\"border-color:#ffffff00;border-width:15px;text-transform:none\">Le soutien \u00e0 la parentalit\u00e9 sera une priorit\u00e9 du mandat pour aider les familles dans l\u2019\u00e9ducation des jeunes enfants. Nous mettrons en place un lieu d\u2019accueil parents \/enfants et d\u00e9velopperons les rencontres parents enfants, l\u2019accueil des familles \u00e0 travers le service public de la petite enfance, le soutien aux familles confront\u00e9es \u00e0 des jeunes en difficult\u00e9.<\/p>\n<\/div>\n<\/div>\n\n\n\n<div class=\"wp-block-columns is-layout-flex wp-container-core-columns-is-layout-28f84493 wp-block-columns-is-layout-flex\">\n<div class=\"wp-block-column has-extra-primary-background-color has-background is-layout-flow wp-block-column-is-layout-flow\">\n<div style=\"height:13px\" aria-hidden=\"true\" class=\"wp-block-spacer\"><\/div>\n\n\n\n<h3 class=\"wp-block-heading has-text-align-center has-foreground-color has-text-color has-link-color wp-elements-4dfe416d12c9e41dfd4369e93a9c1b7a\" style=\"text-transform:none\">Soutenir les enfants<br>\u00e0 l\u2019\u00c9cole\u00a0<\/h3>\n\n\n\n<hr class=\"wp-block-separator has-text-color has-css-opacity has-background is-style-wide\" style=\"background-color:#000000;color:#000000\"\/>\n\n\n\n<ul class=\"wp-block-list\">\n<li class=\"has-foreground-color has-text-color has-link-color wp-elements-a705229c7bd524cf34cfbd7fb1e47a92\" style=\"text-transform:none\">Nous voulons engager un second programme d\u2019installation de vid\u00e9oprotection pour couvrir la totalit\u00e9 de la commune.<\/li>\n\n\n\n<li class=\"has-foreground-color has-text-color has-link-color wp-elements-3e5cc7fcfcb016cf080933cc54bfb129\" style=\"text-transform:none\">Nous favoriserons le soutien associatif \u00e0 l\u2019aide aux devoirs pour les familles qui le souhaitent.<\/li>\n<\/ul>\n<\/div>\n\n\n\n<div class=\"wp-block-column has-custom-orange-background-color has-background is-layout-flow wp-block-column-is-layout-flow\">\n<div style=\"height:13px\" aria-hidden=\"true\" class=\"wp-block-spacer\"><\/div>\n\n\n\n<h3 class=\"wp-block-heading has-text-align-center\" style=\"text-transform:none\">R\u00e9nover l\u2019ensemble scolaire Blum-Perrault\u00a0<\/h3>\n\n\n\n<hr class=\"wp-block-separator has-text-color has-css-opacity has-background is-style-wide\" style=\"background-color:#000000;color:#000000\"\/>\n\n\n\n<p class=\"has-border-color\" style=\"border-color:#ffffff00;border-width:15px;text-transform:none\">Le regroupement des deux \u00e9coles primaires et maternelles est act\u00e9. Il nous faut offrir aux \u00e9coliers un nouvel espace donnant plus de poids au projet \u00e9ducatif par une r\u00e9novation importante, compl\u00e8te des b\u00e2timents, offrant une meilleure accessibilit\u00e9, achevant ainsi la modernisation de nos \u00e9tablissements scolaires.<\/p>\n<\/div>\n\n\n\n<div class=\"wp-block-column has-custom-vert-fonc-background-color has-background is-layout-flow wp-block-column-is-layout-flow\">\n<div style=\"height:13px\" aria-hidden=\"true\" class=\"wp-block-spacer\"><\/div>\n\n\n\n<h3 class=\"wp-block-heading has-text-align-center has-foreground-color has-text-color has-link-color wp-elements-82c576f6379b41a5c1a7091d0f009487\" style=\"text-transform:none\">Maintenir le d\u00e9veloppement de la pratique sportive<\/h3>\n\n\n\n<hr class=\"wp-block-separator has-text-color has-css-opacity has-background is-style-wide\" style=\"background-color:#000000;color:#000000\"\/>\n\n\n\n<ul class=\"wp-block-list\">\n<li class=\"has-foreground-color has-text-color has-link-color wp-elements-b4e3687d3568463e5f0bccacd36ecb45\" style=\"text-transform:none\">Nous cr\u00e9erons un 5eme espace sportif en acc\u00e8s libre autour de la piscine.<\/li>\n\n\n\n<li class=\"has-foreground-color has-text-color has-link-color wp-elements-7216a753779aa02a3eb47db95d5345f3\" style=\"text-transform:none\">Nous renforcerons le soutien financier aux clubs pour les activit\u00e9s seniors, sant\u00e9 ou sports adapt\u00e9s, comme nous l\u2019avons fait pour la piscine.<\/li>\n\n\n\n<li class=\"has-foreground-color has-text-color has-link-color wp-elements-29ac0706d0217cd5156e421f9d3db9da\" style=\"text-transform:none\">La r\u00e9novation du gymnase Anquetil\u00a0; construit il y a maintenant plus de trente ans, sera engag\u00e9e.<\/li>\n<\/ul>\n<\/div>\n<\/div>\n\n\n\n<div class=\"wp-block-columns is-layout-flex wp-container-core-columns-is-layout-28f84493 wp-block-columns-is-layout-flex\">\n<div class=\"wp-block-column has-luminous-vivid-orange-background-color has-background is-layout-flow wp-block-column-is-layout-flow\">\n<div style=\"height:13px\" aria-hidden=\"true\" class=\"wp-block-spacer\"><\/div>\n\n\n\n<h3 class=\"wp-block-heading has-text-align-center has-secondary-color has-text-color has-link-color wp-elements-c2fc8881a3191ebb8c21533d7e6850f1\" style=\"text-transform:none\">Accentuer le soutien <br>aux associations<\/h3>\n\n\n\n<hr class=\"wp-block-separator has-text-color has-css-opacity has-background is-style-wide\" style=\"background-color:#000000;color:#000000\"\/>\n\n\n\n<p class=\"has-border-color\" style=\"border-color:#ffffff00;border-width:15px;text-transform:none\">Les associations sont un aspect prioritaire de l\u2019animation de notre commune\u00a0: notre soutien financier, mat\u00e9riel, mais aussi aux b\u00e9n\u00e9voles ne s\u2019est jamais d\u00e9menti\u00a0: Il sera maintenu et amplifi\u00e9 si n\u00e9cessaire.<\/p>\n<\/div>\n\n\n\n<div class=\"wp-block-column has-custom-vert-fonc-background-color has-background is-layout-flow wp-block-column-is-layout-flow\">\n<div style=\"height:13px\" aria-hidden=\"true\" class=\"wp-block-spacer\"><\/div>\n\n\n\n<h3 class=\"wp-block-heading has-text-align-center has-foreground-color has-text-color has-link-color wp-elements-4b6ccc8b5222eba634eea82b3f457a39\" style=\"text-transform:none\">Faire de la protection <br>de l\u2019Environnement,\u00a0<br>une priorit\u00e9 quotidienne<\/h3>\n\n\n\n<hr class=\"wp-block-separator has-text-color has-css-opacity has-background is-style-wide\" style=\"background-color:#000000;color:#000000\"\/>\n\n\n\n<ul class=\"wp-block-list\">\n<li class=\"has-foreground-color has-text-color has-link-color wp-elements-9f43b503de1bdc6154b0cef4efa1226a\" style=\"text-transform:none\">Nous d\u00e9velopperons des \u00ab\u00a0journ\u00e9es ramassage d\u00e9chets\u00a0\u00bb pour sensibiliser nos concitoyens.<\/li>\n\n\n\n<li class=\"has-foreground-color has-text-color has-link-color wp-elements-399cd7179b1c282129ae247fc0379d48\" style=\"text-transform:none\">Un r\u00e9f\u00e8rent propret\u00e9 sera mis en place en lien avec la police municipale et la nouvelle brigade verte.<\/li>\n\n\n\n<li class=\"has-foreground-color has-text-color has-link-color wp-elements-7afb36f9a0a04f14325a838846748e5e\" style=\"text-transform:none\">La promotion de l\u2019\u00e9ducation \u00e0 l\u2019environnement est indispensable car c\u2019est tous ensemble que nous pouvons am\u00e9liorer la propret\u00e9 de notre ville tout en pr\u00e9servant l\u2019environnement.<\/li>\n<\/ul>\n<\/div>\n\n\n\n<div class=\"wp-block-column has-extra-primary-background-color has-background is-layout-flow wp-block-column-is-layout-flow\">\n<div style=\"height:13px\" aria-hidden=\"true\" class=\"wp-block-spacer\"><\/div>\n\n\n\n<h3 class=\"wp-block-heading has-text-align-center has-foreground-color has-text-color has-link-color wp-elements-0a4ab9f9c9e0475a7d44b75c52d2858a\" style=\"text-transform:none\">Apporter une attention particuli\u00e8re \u00e0 la cause animale<\/h3>\n\n\n\n<hr class=\"wp-block-separator has-text-color has-css-opacity has-background is-style-wide\" style=\"background-color:#000000;color:#000000\"\/>\n\n\n\n<p class=\"has-border-color has-foreground-color has-text-color has-link-color wp-elements-0cc6413ebd427a5c785091a9ac6293cd\" style=\"border-color:#ffffff00;border-width:15px;text-transform:none\">L\u2019attention port\u00e9e \u00e0 la cause animale est aussi une attention port\u00e9e \u00e0 nos concitoyens. Nous souhaitons nous inscrire dans le processus d\u2019attribution du Label de la F\u00e9d\u00e9ration Fran\u00e7aise de Protection Animale, en d\u00e9signant un r\u00e9f\u00e9rent \u00ab cause animale \u00bb, en agissant contre l\u2019errance et la maltraitance animale, et en d\u00e9veloppant des actions \u00e9ducatives et de sensibilisation.<\/p>\n<\/div>\n<\/div>\n\n\n\n<div class=\"wp-block-columns is-layout-flex wp-container-core-columns-is-layout-28f84493 wp-block-columns-is-layout-flex\">\n<div class=\"wp-block-column has-custom-vert-fonc-background-color has-background is-layout-flow wp-block-column-is-layout-flow\">\n<div style=\"height:13px\" aria-hidden=\"true\" class=\"wp-block-spacer\"><\/div>\n\n\n\n<h3 class=\"wp-block-heading has-text-align-center has-foreground-color has-text-color has-link-color wp-elements-953bf555bc0e76e98e4d15c2d535b40e\" style=\"text-transform:none\">Accompagner<br>les seniors<\/h3>\n\n\n\n<hr class=\"wp-block-separator has-text-color has-css-opacity has-background is-style-wide\" style=\"background-color:#000000;color:#000000\"\/>\n\n\n\n<ul class=\"wp-block-list\">\n<li class=\"has-foreground-color has-text-color has-link-color wp-elements-9abee54cf5157ac2219d5fd43254a91a\" style=\"text-transform:none\">La commune poursuivra son soutien aux seniors pour les accompagner face \u00e0 la solitude comme elle le fait avec le foyer des anciens, l\u2019organisation de rencontres, de spectacles ou de sorties, et l\u2019action du CCAS.<\/li>\n\n\n\n<li class=\"has-foreground-color has-text-color has-link-color wp-elements-282f5291c1c95ae18517dc20257596b2\" style=\"text-transform:none\">Elle amplifiera son action en profitant du nouveau centre culturel et d\u00e9veloppera <br>les th\u00e9s dansants, les activit\u00e9s sportives pour les anciens.<\/li>\n\n\n\n<li class=\"has-foreground-color has-text-color has-link-color wp-elements-d6f780c0734bc6604768cade632ae0b4\" style=\"text-transform:none\">La cr\u00e9ation d&rsquo;un conseil des sages pour d\u00e9velopper de nouvelles propositions. <\/li>\n<\/ul>\n<\/div>\n\n\n\n<div class=\"wp-block-column has-extra-primary-background-color has-background is-layout-flow wp-block-column-is-layout-flow\">\n<div style=\"height:13px\" aria-hidden=\"true\" class=\"wp-block-spacer\"><\/div>\n\n\n\n<h3 class=\"wp-block-heading has-text-align-center has-foreground-color has-text-color has-link-color wp-elements-ab3cf3ab979fa1f49b27e6016d6f7a51\" style=\"text-transform:none\">Soutenir le commerce<br>de proximit\u00e9<\/h3>\n\n\n\n<hr class=\"wp-block-separator has-text-color has-css-opacity has-background is-style-wide\" style=\"background-color:#000000;color:#000000\"\/>\n\n\n\n<ul class=\"wp-block-list\">\n<li class=\"has-foreground-color has-text-color has-link-color wp-elements-689b7b17dec4c81b7c1454214aa2fbcf\" style=\"text-transform:none\">Un nouveau \u00abc\u0153ur D\u00e9ville \u00bb\u00a0: l\u2019arriv\u00e9e prochaine du magasin U et les nouvelles cases commerciales doivent y contribuer.<\/li>\n\n\n\n<li class=\"has-foreground-color has-text-color has-link-color wp-elements-669672dafb47f05f3b039430c37da7c4\" style=\"text-transform:none\">Avec cette nouvelle centralit\u00e9 commerciale, la reconstruction du magasin carrefour market sera une nouvelle occasion de le faire, et nous devons le r\u00e9ussir.<\/li>\n<\/ul>\n<\/div>\n\n\n\n<div class=\"wp-block-column has-custom-orange-background-color has-background is-layout-flow wp-block-column-is-layout-flow\">\n<div style=\"height:13px\" aria-hidden=\"true\" class=\"wp-block-spacer\"><\/div>\n\n\n\n<h3 class=\"wp-block-heading has-text-align-center has-secondary-color has-text-color has-link-color wp-elements-2eba84fa6ac4cf999f8afc14e2406731\" style=\"text-transform:none\">Am\u00e9nager<br>l\u2019espace public\u00a0<\/h3>\n\n\n\n<hr class=\"wp-block-separator has-text-color has-css-opacity has-background is-style-wide\" style=\"background-color:#000000;color:#000000\"\/>\n\n\n\n<ul class=\"wp-block-list\">\n<li class=\"has-secondary-color has-text-color has-link-color wp-elements-06f6a7e1d4457f95dd54f86e2bec9a06\" style=\"text-transform:none\">Une r\u00e9flexion devra \u00eatre engag\u00e9e sur la mise en place de toilettes publiques.<\/li>\n\n\n\n<li class=\"has-secondary-color has-text-color has-link-color wp-elements-1c6794874f1253010c1677cc8558e86b\" style=\"text-transform:none\">La plantation d\u2019arbres, partout o\u00f9 cela est possible et dans le respect du voisinage, devra se poursuivre, tout comme la v\u00e9g\u00e9talisation du cimeti\u00e8re, afin d\u2019en faciliter l\u2019entretien et d\u2019offrir un cadre plus apais\u00e9.<\/li>\n\n\n\n<li class=\"has-secondary-color has-text-color has-link-color wp-elements-9a8f997eb1baf96e25c874ee8726b142\" style=\"text-transform:none\">La pr\u00e9servation du Bois de l\u2019Archev\u00eaque, dans un contexte de changement climatique, devra \u00eatre poursuivi en lien avec le D\u00e9partement et la ville de Mont-Saint-Aignan.<\/li>\n<\/ul>\n<\/div>\n<\/div>\n","protected":false},"excerpt":{"rendered":"<p>Renforcer la s\u00e9curit\u00e9 des biens et des personnes\u00a0 Reconstruire notre Centre Culturel Voltaire Cet \u00e9tablissement est un atout pour notre commune mais il vieillit, il est mal isol\u00e9 et peu accessible sans ascenseur. Sa reconstruction au c\u0153ur de la ville, \u00e0 la place de l\u2019ancienne piscine, avec des \u00e9quipements sc\u00e9niques modernes, sera un atout pour [&hellip;]<\/p>\n","protected":false},"author":1,"featured_media":0,"parent":0,"menu_order":0,"comment_status":"closed","ping_status":"closed","template":"","meta":{"footnotes":""},"class_list":["post-212","page","type-page","status-publish","hentry"],"jetpack_sharing_enabled":true,"_links":{"self":[{"href":"https:\/\/en-action-deville.fr\/index.php\/wp-json\/wp\/v2\/pages\/212","targetHints":{"allow":["GET"]}}],"collection":[{"href":"https:\/\/en-action-deville.fr\/index.php\/wp-json\/wp\/v2\/pages"}],"about":[{"href":"https:\/\/en-action-deville.fr\/index.php\/wp-json\/wp\/v2\/types\/page"}],"author":[{"embeddable":true,"href":"https:\/\/en-action-deville.fr\/index.php\/wp-json\/wp\/v2\/users\/1"}],"replies":[{"embeddable":true,"href":"https:\/\/en-action-deville.fr\/index.php\/wp-json\/wp\/v2\/comments?post=212"}],"version-history":[{"count":3,"href":"https:\/\/en-action-deville.fr\/index.php\/wp-json\/wp\/v2\/pages\/212\/revisions"}],"predecessor-version":[{"id":217,"href":"https:\/\/en-action-deville.fr\/index.php\/wp-json\/wp\/v2\/pages\/212\/revisions\/217"}],"wp:attachment":[{"href":"https:\/\/en-action-deville.fr\/index.php\/wp-json\/wp\/v2\/media?parent=212"}],"curies":[{"name":"wp","href":"https:\/\/api.w.org\/{rel}","templated":true}]}}