{"id":220,"date":"2026-03-10T16:43:40","date_gmt":"2026-03-10T16:43:40","guid":{"rendered":"https:\/\/en-action-deville.fr\/?page_id=220"},"modified":"2026-03-10T16:48:56","modified_gmt":"2026-03-10T16:48:56","slug":"une-equipe","status":"publish","type":"page","link":"https:\/\/en-action-deville.fr\/index.php\/une-equipe\/","title":{"rendered":"Une \u00e9quipe"},"content":{"rendered":"\n<p>La liste \u00ab En action pour D\u00e9ville \u00bb est compos\u00e9e de femmes et d\u2019hommes engag\u00e9s dans la vie locale : membres d\u2019associations, acteurs de la soci\u00e9t\u00e9 civile, parents, professionnels, b\u00e9n\u00e9voles. Des parcours diff\u00e9rents, des sensibilit\u00e9s diverses, mais une m\u00eame volont\u00e9 : agir concr\u00e8tement pour notre commune.<\/p>\n\n\n\n<p style=\"text-transform:none\">Notre projet, construit \u00e0 partir de l\u2019exp\u00e9rience municipale et enrichi par de nombreux \u00e9changes avec vous, repose sur trois priorit\u00e9s claires :<\/p>\n\n\n\n<p>\u00b7 Am\u00e9liorer notre cadre de vie et nos \u00e9quipements,<br>\u00b7 Renforcer la solidarit\u00e9 et la proximit\u00e9 des services publics,<br>\u00b7 Agir avec d\u00e9termination pour l\u2019environnement et l\u2019avenir de nos enfants.<\/p>\n\n\n\n<p>Un programme ambitieux et r\u00e9aliste, financ\u00e9 sans augmentation des imp\u00f4ts, pour pr\u00e9parer l\u2019avenir de D\u00e9ville avec s\u00e9rieux et esprit de rassemblement.<\/p>\n\n\n\n<p>Avec toute l\u2019\u00e9quipe, je vous invite \u00e0 nous accorder votre confiance lors des \u00e9lections municipales de 2026.<\/p>\n\n\n\n<p>Mirella Deloignon<\/p>\n\n\n\n<figure class=\"wp-block-image size-full\"><img decoding=\"async\" src=\"https:\/\/en-action-deville.fr\/wp-content\/uploads\/2026\/03\/la-liste2-2.png\" alt=\"\" class=\"wp-image-225\"\/><\/figure>\n","protected":false},"excerpt":{"rendered":"<p>La liste \u00ab En action pour D\u00e9ville \u00bb est compos\u00e9e de femmes et d\u2019hommes engag\u00e9s dans la vie locale : membres d\u2019associations, acteurs de la soci\u00e9t\u00e9 civile, parents, professionnels, b\u00e9n\u00e9voles. Des parcours diff\u00e9rents, des sensibilit\u00e9s diverses, mais une m\u00eame volont\u00e9 : agir concr\u00e8tement pour notre commune. Notre projet, construit \u00e0 partir de l\u2019exp\u00e9rience municipale et [&hellip;]<\/p>\n","protected":false},"author":1,"featured_media":0,"parent":0,"menu_order":0,"comment_status":"closed","ping_status":"closed","template":"","meta":{"footnotes":""},"class_list":["post-220","page","type-page","status-publish","hentry"],"jetpack_sharing_enabled":true,"_links":{"self":[{"href":"https:\/\/en-action-deville.fr\/index.php\/wp-json\/wp\/v2\/pages\/220","targetHints":{"allow":["GET"]}}],"collection":[{"href":"https:\/\/en-action-deville.fr\/index.php\/wp-json\/wp\/v2\/pages"}],"about":[{"href":"https:\/\/en-action-deville.fr\/index.php\/wp-json\/wp\/v2\/types\/page"}],"author":[{"embeddable":true,"href":"https:\/\/en-action-deville.fr\/index.php\/wp-json\/wp\/v2\/users\/1"}],"replies":[{"embeddable":true,"href":"https:\/\/en-action-deville.fr\/index.php\/wp-json\/wp\/v2\/comments?post=220"}],"version-history":[{"count":2,"href":"https:\/\/en-action-deville.fr\/index.php\/wp-json\/wp\/v2\/pages\/220\/revisions"}],"predecessor-version":[{"id":226,"href":"https:\/\/en-action-deville.fr\/index.php\/wp-json\/wp\/v2\/pages\/220\/revisions\/226"}],"wp:attachment":[{"href":"https:\/\/en-action-deville.fr\/index.php\/wp-json\/wp\/v2\/media?parent=220"}],"curies":[{"name":"wp","href":"https:\/\/api.w.org\/{rel}","templated":true}]}}