{"id":87,"date":"2025-12-30T13:11:15","date_gmt":"2025-12-30T13:11:15","guid":{"rendered":"https:\/\/en-action-deville.fr\/?page_id=87"},"modified":"2026-01-19T11:15:33","modified_gmt":"2026-01-19T11:15:33","slug":"qui-suis-je","status":"publish","type":"page","link":"https:\/\/en-action-deville.fr\/index.php\/qui-suis-je\/","title":{"rendered":""},"content":{"rendered":"\n<div class=\"wp-block-group is-layout-constrained wp-container-core-group-is-layout-12243e0f wp-block-group-is-layout-constrained\">\n<div class=\"wp-block-columns alignfull are-vertically-aligned-center about-sectionnn has-custom-vert-fonc-background-color has-background is-layout-flex wp-container-core-columns-is-layout-a5331a9e wp-block-columns-is-layout-flex\" style=\"padding-top:0;padding-right:0;padding-bottom:0;padding-left:0\">\n<div class=\"wp-block-column is-vertically-aligned-center is-layout-flow wp-block-column-is-layout-flow\" style=\"padding-top:0;padding-right:0;padding-bottom:0;padding-left:0;flex-basis:60%\">\n<div class=\"wp-block-group about-box is-layout-constrained wp-container-core-group-is-layout-8a400663 wp-block-group-is-layout-constrained\">\n<div style=\"height:30px\" aria-hidden=\"true\" class=\"wp-block-spacer\"><\/div>\n\n\n\n<h3 class=\"wp-block-heading wow fadeInUp has-foreground-color has-text-color has-link-color has-fse-political-poppins-font-family wp-elements-59ac0a72fd19ce7cdfa02fd767dfa418\" style=\"font-size:35px;line-height:1.5\">Qui suis-je ? <\/h3>\n\n\n\n<p class=\"wow fadeInUp has-foreground-color has-text-color has-link-color wp-elements-f3ba8137a2ba0ce722a1d730b86145d1\" style=\"text-transform:none\">N\u00e9e le 14 juin 1964 \u00e0 Rouen, mari\u00e9e depuis 1984, m\u00e8re de deux enfants et grand-m\u00e8re de deux petits-enfants, j\u2019ai toujours v\u00e9cu au c\u0153ur de D\u00e9ville-l\u00e8s-Rouen.<br>Je suis une enfant du pays.<br><br>J\u2019y ai grandi, \u00e9tudi\u00e9, travaill\u00e9, pratiqu\u00e9 le sport, particip\u00e9 \u00e0 la vie associative, m\u2019y suis mari\u00e9e et j\u2019y ai vu grandir mes enfants. Cette ville, je l\u2019aime profond\u00e9ment et j\u2019en suis fi\u00e8re.<br><br>Cet attachement m\u2019a naturellement men\u00e9e \u00e0 m\u2019engager pour son avenir, d\u2019abord comme adjointe puis comme maire. J\u2019ai eu le privil\u00e8ge de contribuer \u00e0 sa transformation et \u00e0 l\u2019\u00e9volution de ses quartiers, de ses \u00e9quipements et de sa vie sociale.<br><br>Le service public est aussi une histoire de famille : mon a\u00efeul, Joseph Hue, fut maire de D\u00e9ville-l\u00e8s-Rouen de 1919 \u00e0 1935. C\u2019est un engagement de c\u0153ur.<br><br>Form\u00e9e \u00e0 D\u00e9ville, j\u2019ai tr\u00e8s t\u00f4t choisi de travailler aupr\u00e8s des a\u00een\u00e9s, d\u00e9butant ma carri\u00e8re aux Jacinthes puis au centre hospitalier La Filandi\u00e8re comme animatrice. Ces exp\u00e9riences ont forg\u00e9 mes valeurs : \u00e9coute, bienveillance et proximit\u00e9 humaine.<br><br>Progressiste, sans \u00e9tiquette partisane, je veux avant tout servir l\u2019int\u00e9r\u00eat g\u00e9n\u00e9ral. \u00catre maire, c\u2019est unir, \u00e9couter et b\u00e2tir.<br><br>Je souhaite poursuivre avec vous l\u2019action engag\u00e9e pour une ville solidaire, apais\u00e9e et tourn\u00e9e vers les d\u00e9fis de notre \u00e9poque.<\/p>\n\n\n\n<p class=\"wow fadeInUp has-foreground-color has-text-color has-link-color wp-elements-536abe7bf3d1b481da22886815acca2d\" style=\"text-transform:none\">Bien chaleureusement,<br><strong>Mirella DELOIGNON<\/strong><\/p>\n\n\n\n<div style=\"height:30px\" aria-hidden=\"true\" class=\"wp-block-spacer\"><\/div>\n<\/div>\n<\/div>\n\n\n\n<div class=\"wp-block-column is-vertically-aligned-center is-layout-flow wp-block-column-is-layout-flow\" style=\"flex-basis:40%\">\n<figure class=\"wp-block-image size-full\"><img loading=\"lazy\" decoding=\"async\" width=\"1708\" height=\"2560\" src=\"https:\/\/en-action-deville.fr\/wp-content\/uploads\/2026\/01\/DSC_0748-Copie-scaled.jpg\" alt=\"\" class=\"wp-image-136\" srcset=\"https:\/\/en-action-deville.fr\/wp-content\/uploads\/2026\/01\/DSC_0748-Copie-scaled.jpg 1708w, https:\/\/en-action-deville.fr\/wp-content\/uploads\/2026\/01\/DSC_0748-Copie-200x300.jpg 200w, https:\/\/en-action-deville.fr\/wp-content\/uploads\/2026\/01\/DSC_0748-Copie-683x1024.jpg 683w, https:\/\/en-action-deville.fr\/wp-content\/uploads\/2026\/01\/DSC_0748-Copie-768x1151.jpg 768w, https:\/\/en-action-deville.fr\/wp-content\/uploads\/2026\/01\/DSC_0748-Copie-1025x1536.jpg 1025w, https:\/\/en-action-deville.fr\/wp-content\/uploads\/2026\/01\/DSC_0748-Copie-1367x2048.jpg 1367w\" sizes=\"auto, (max-width: 1708px) 100vw, 1708px\" \/><\/figure>\n<\/div>\n<\/div>\n<\/div>\n","protected":false},"excerpt":{"rendered":"<p>Qui suis-je ? N\u00e9e le 14 juin 1964 \u00e0 Rouen, mari\u00e9e depuis 1984, m\u00e8re de deux enfants et grand-m\u00e8re de deux petits-enfants, j\u2019ai toujours v\u00e9cu au c\u0153ur de D\u00e9ville-l\u00e8s-Rouen.Je suis une enfant du pays. J\u2019y ai grandi, \u00e9tudi\u00e9, travaill\u00e9, pratiqu\u00e9 le sport, particip\u00e9 \u00e0 la vie associative, m\u2019y suis mari\u00e9e et j\u2019y ai vu grandir [&hellip;]<\/p>\n","protected":false},"author":1,"featured_media":0,"parent":0,"menu_order":0,"comment_status":"closed","ping_status":"closed","template":"","meta":{"footnotes":""},"class_list":["post-87","page","type-page","status-publish","hentry"],"jetpack_sharing_enabled":true,"_links":{"self":[{"href":"https:\/\/en-action-deville.fr\/index.php\/wp-json\/wp\/v2\/pages\/87","targetHints":{"allow":["GET"]}}],"collection":[{"href":"https:\/\/en-action-deville.fr\/index.php\/wp-json\/wp\/v2\/pages"}],"about":[{"href":"https:\/\/en-action-deville.fr\/index.php\/wp-json\/wp\/v2\/types\/page"}],"author":[{"embeddable":true,"href":"https:\/\/en-action-deville.fr\/index.php\/wp-json\/wp\/v2\/users\/1"}],"replies":[{"embeddable":true,"href":"https:\/\/en-action-deville.fr\/index.php\/wp-json\/wp\/v2\/comments?post=87"}],"version-history":[{"count":9,"href":"https:\/\/en-action-deville.fr\/index.php\/wp-json\/wp\/v2\/pages\/87\/revisions"}],"predecessor-version":[{"id":144,"href":"https:\/\/en-action-deville.fr\/index.php\/wp-json\/wp\/v2\/pages\/87\/revisions\/144"}],"wp:attachment":[{"href":"https:\/\/en-action-deville.fr\/index.php\/wp-json\/wp\/v2\/media?parent=87"}],"curies":[{"name":"wp","href":"https:\/\/api.w.org\/{rel}","templated":true}]}}